{"id":25864,"date":"2015-02-19T09:48:19","date_gmt":"2015-02-19T09:48:19","guid":{"rendered":"https:\/\/oladevelopment.com\/contact-us\/"},"modified":"2026-02-12T18:51:53","modified_gmt":"2026-02-12T18:51:53","slug":"contacto","status":"publish","type":"page","link":"https:\/\/oladevelopment.com\/es\/contacto\/","title":{"rendered":"CONTACTO"},"content":{"rendered":"<p class=\"p1\">Da el primer paso hacia tu pr\u00f3xima vivienda. Elegir una promoci\u00f3n de obra nueva va mucho m\u00e1s all\u00e1 de revisar listados. En Ola Development te guiamos entre los proyectos m\u00e1s recientes de la Costa del Sol con informaci\u00f3n clara, criterio y una visi\u00f3n centrada en la calidad de vida. Descubre viviendas actuales, compara ubicaciones y analiza cada desarrollo con detalle antes de decidir.<\/p>\n<p class=\"p1\">Trabajamos exclusivamente con obra nueva, ofreciendo asesoramiento directo, conocimiento local y un acompa\u00f1amiento personalizado desde el primer contacto hasta la entrega. Si quieres resolver dudas o valorar distintas opciones, estamos aqu\u00ed para ayudarte a avanzar con seguridad.<\/p>\n","protected":false},"excerpt":{"rendered":"<p>Da el primer paso hacia tu pr\u00f3xima vivienda. Elegir una promoci\u00f3n de obra nueva va mucho m\u00e1s all\u00e1 de revisar listados. En Ola Development te guiamos entre los proyectos m\u00e1s recientes de la Costa del Sol con informaci\u00f3n clara, criterio y una visi\u00f3n centrada en la calidad de vida. Descubre viviendas actuales, compara ubicaciones y analiza cada desarrollo con detalle antes de decidir. Trabajamos &#8230;<\/p>\n","protected":false},"author":1,"featured_media":0,"parent":0,"menu_order":0,"comment_status":"open","ping_status":"closed","template":"page-templates\/contact_page.php","meta":{"inline_featured_image":false,"footnotes":""},"class_list":["post-25864","page","type-page","status-publish","hentry"],"yoast_head":"<!-- This site is optimized with the Yoast SEO plugin v27.2 - https:\/\/yoast.com\/product\/yoast-seo-wordpress\/ -->\n<title>CONTACTO - Ola Development<\/title>\n<meta name=\"robots\" content=\"index, follow, max-snippet:-1, max-image-preview:large, max-video-preview:-1\" \/>\n<link rel=\"canonical\" href=\"https:\/\/oladevelopment.com\/contact-us\/\" \/>\n<meta property=\"og:locale\" content=\"es_ES\" \/>\n<meta property=\"og:type\" content=\"article\" \/>\n<meta property=\"og:title\" content=\"CONTACTO - Ola Development\" \/>\n<meta property=\"og:description\" content=\"Da el primer paso hacia tu pr\u00f3xima vivienda. Elegir una promoci\u00f3n de obra nueva va mucho m\u00e1s all\u00e1 de revisar listados. En Ola Development te guiamos entre los proyectos m\u00e1s recientes de la Costa del Sol con informaci\u00f3n clara, criterio y una visi\u00f3n centrada en la calidad de vida. Descubre viviendas actuales, compara ubicaciones y analiza cada desarrollo con detalle antes de decidir. Trabajamos ...\" \/>\n<meta property=\"og:url\" content=\"https:\/\/oladevelopment.com\/contact-us\/\" \/>\n<meta property=\"og:site_name\" content=\"Ola Development\" \/>\n<meta property=\"article:modified_time\" content=\"2026-02-12T18:51:53+00:00\" \/>\n<meta name=\"twitter:card\" content=\"summary_large_image\" \/>\n<meta name=\"twitter:label1\" content=\"Tiempo de lectura\" \/>\n\t<meta name=\"twitter:data1\" content=\"1 minuto\" \/>\n<script type=\"application\/ld+json\" class=\"yoast-schema-graph\">{\"@context\":\"https:\/\/schema.org\",\"@graph\":[{\"@type\":\"WebPage\",\"@id\":\"https:\/\/oladevelopment.com\/contact-us\/\",\"url\":\"https:\/\/oladevelopment.com\/contact-us\/\",\"name\":\"CONTACTO - Ola Development\",\"isPartOf\":{\"@id\":\"https:\/\/oladevelopment.com\/#website\"},\"datePublished\":\"2015-02-19T09:48:19+00:00\",\"dateModified\":\"2026-02-12T18:51:53+00:00\",\"breadcrumb\":{\"@id\":\"https:\/\/oladevelopment.com\/contact-us\/#breadcrumb\"},\"inLanguage\":\"es\",\"potentialAction\":[{\"@type\":\"ReadAction\",\"target\":[\"https:\/\/oladevelopment.com\/contact-us\/\"]}]},{\"@type\":\"BreadcrumbList\",\"@id\":\"https:\/\/oladevelopment.com\/contact-us\/#breadcrumb\",\"itemListElement\":[{\"@type\":\"ListItem\",\"position\":1,\"name\":\"Home\",\"item\":\"https:\/\/oladevelopment.com\/es\/\"},{\"@type\":\"ListItem\",\"position\":2,\"name\":\"CONTACTO\"}]},{\"@type\":\"WebSite\",\"@id\":\"https:\/\/oladevelopment.com\/#website\",\"url\":\"https:\/\/oladevelopment.com\/\",\"name\":\"Ola Development\",\"description\":\"Properties in Costa del Sol\",\"publisher\":{\"@id\":\"https:\/\/oladevelopment.com\/#organization\"},\"potentialAction\":[{\"@type\":\"SearchAction\",\"target\":{\"@type\":\"EntryPoint\",\"urlTemplate\":\"https:\/\/oladevelopment.com\/?s={search_term_string}\"},\"query-input\":{\"@type\":\"PropertyValueSpecification\",\"valueRequired\":true,\"valueName\":\"search_term_string\"}}],\"inLanguage\":\"es\"},{\"@type\":\"Organization\",\"@id\":\"https:\/\/oladevelopment.com\/#organization\",\"name\":\"Ola Development\",\"url\":\"https:\/\/oladevelopment.com\/\",\"logo\":{\"@type\":\"ImageObject\",\"inLanguage\":\"es\",\"@id\":\"https:\/\/oladevelopment.com\/#\/schema\/logo\/image\/\",\"url\":\"https:\/\/oladevelopment.com\/wp-content\/uploads\/2025\/12\/logo-oladevelopment-properties-mijas-color.svg\",\"contentUrl\":\"https:\/\/oladevelopment.com\/wp-content\/uploads\/2025\/12\/logo-oladevelopment-properties-mijas-color.svg\",\"width\":239,\"height\":252,\"caption\":\"Ola Development\"},\"image\":{\"@id\":\"https:\/\/oladevelopment.com\/#\/schema\/logo\/image\/\"}}]}<\/script>\n<!-- \/ Yoast SEO plugin. -->","yoast_head_json":{"title":"CONTACTO - Ola Development","robots":{"index":"index","follow":"follow","max-snippet":"max-snippet:-1","max-image-preview":"max-image-preview:large","max-video-preview":"max-video-preview:-1"},"canonical":"https:\/\/oladevelopment.com\/contact-us\/","og_locale":"es_ES","og_type":"article","og_title":"CONTACTO - Ola Development","og_description":"Da el primer paso hacia tu pr\u00f3xima vivienda. Elegir una promoci\u00f3n de obra nueva va mucho m\u00e1s all\u00e1 de revisar listados. En Ola Development te guiamos entre los proyectos m\u00e1s recientes de la Costa del Sol con informaci\u00f3n clara, criterio y una visi\u00f3n centrada en la calidad de vida. Descubre viviendas actuales, compara ubicaciones y analiza cada desarrollo con detalle antes de decidir. Trabajamos ...","og_url":"https:\/\/oladevelopment.com\/contact-us\/","og_site_name":"Ola Development","article_modified_time":"2026-02-12T18:51:53+00:00","twitter_card":"summary_large_image","twitter_misc":{"Tiempo de lectura":"1 minuto"},"schema":{"@context":"https:\/\/schema.org","@graph":[{"@type":"WebPage","@id":"https:\/\/oladevelopment.com\/contact-us\/","url":"https:\/\/oladevelopment.com\/contact-us\/","name":"CONTACTO - Ola Development","isPartOf":{"@id":"https:\/\/oladevelopment.com\/#website"},"datePublished":"2015-02-19T09:48:19+00:00","dateModified":"2026-02-12T18:51:53+00:00","breadcrumb":{"@id":"https:\/\/oladevelopment.com\/contact-us\/#breadcrumb"},"inLanguage":"es","potentialAction":[{"@type":"ReadAction","target":["https:\/\/oladevelopment.com\/contact-us\/"]}]},{"@type":"BreadcrumbList","@id":"https:\/\/oladevelopment.com\/contact-us\/#breadcrumb","itemListElement":[{"@type":"ListItem","position":1,"name":"Home","item":"https:\/\/oladevelopment.com\/es\/"},{"@type":"ListItem","position":2,"name":"CONTACTO"}]},{"@type":"WebSite","@id":"https:\/\/oladevelopment.com\/#website","url":"https:\/\/oladevelopment.com\/","name":"Ola Development","description":"Properties in Costa del Sol","publisher":{"@id":"https:\/\/oladevelopment.com\/#organization"},"potentialAction":[{"@type":"SearchAction","target":{"@type":"EntryPoint","urlTemplate":"https:\/\/oladevelopment.com\/?s={search_term_string}"},"query-input":{"@type":"PropertyValueSpecification","valueRequired":true,"valueName":"search_term_string"}}],"inLanguage":"es"},{"@type":"Organization","@id":"https:\/\/oladevelopment.com\/#organization","name":"Ola Development","url":"https:\/\/oladevelopment.com\/","logo":{"@type":"ImageObject","inLanguage":"es","@id":"https:\/\/oladevelopment.com\/#\/schema\/logo\/image\/","url":"https:\/\/oladevelopment.com\/wp-content\/uploads\/2025\/12\/logo-oladevelopment-properties-mijas-color.svg","contentUrl":"https:\/\/oladevelopment.com\/wp-content\/uploads\/2025\/12\/logo-oladevelopment-properties-mijas-color.svg","width":239,"height":252,"caption":"Ola Development"},"image":{"@id":"https:\/\/oladevelopment.com\/#\/schema\/logo\/image\/"}}]}},"_links":{"self":[{"href":"https:\/\/oladevelopment.com\/es\/wp-json\/wp\/v2\/pages\/25864","targetHints":{"allow":["GET"]}}],"collection":[{"href":"https:\/\/oladevelopment.com\/es\/wp-json\/wp\/v2\/pages"}],"about":[{"href":"https:\/\/oladevelopment.com\/es\/wp-json\/wp\/v2\/types\/page"}],"author":[{"embeddable":true,"href":"https:\/\/oladevelopment.com\/es\/wp-json\/wp\/v2\/users\/1"}],"replies":[{"embeddable":true,"href":"https:\/\/oladevelopment.com\/es\/wp-json\/wp\/v2\/comments?post=25864"}],"version-history":[{"count":1,"href":"https:\/\/oladevelopment.com\/es\/wp-json\/wp\/v2\/pages\/25864\/revisions"}],"predecessor-version":[{"id":25865,"href":"https:\/\/oladevelopment.com\/es\/wp-json\/wp\/v2\/pages\/25864\/revisions\/25865"}],"wp:attachment":[{"href":"https:\/\/oladevelopment.com\/es\/wp-json\/wp\/v2\/media?parent=25864"}],"curies":[{"name":"wp","href":"https:\/\/api.w.org\/{rel}","templated":true}]}}