{"id":25959,"date":"2014-05-24T13:51:08","date_gmt":"2014-05-24T13:51:08","guid":{"rendered":"https:\/\/oladevelopment.com\/terms-of-user\/"},"modified":"2026-02-12T20:04:04","modified_gmt":"2026-02-12T20:04:04","slug":"brugsbetingelser","status":"publish","type":"page","link":"https:\/\/oladevelopment.com\/da\/brugsbetingelser\/","title":{"rendered":"BRUGSBETINGELSER"},"content":{"rendered":"<p class=\"p1\"><b>Brugsbetingelser<\/b><b><\/b><\/p>\n<p class=\"p3\">Denne politik beskriver, hvordan Kaarsberg SL indsamler, anvender, opbevarer og videregiver oplysninger fra brugere af denne hjemmeside. Politikken g\u00e6lder for hjemmesiden samt for alle ydelser, som Kaarsberg SL tilbyder i forbindelse med ejendomme og nybyggeri p\u00e5 Costa del Sol.<\/p>\n<p class=\"p1\"><b>Virksomhedsoplysninger<\/b><b><\/b><\/p>\n<p class=\"p3\">Juridisk navn Kaarsberg SL<\/p>\n<p class=\"p3\">CVR \/ skatteidentifikation B93656460<\/p>\n<p class=\"p3\">Selskabsform Anpartsselskab med \u00e9n ejer<\/p>\n<p class=\"p3\">Branche Bygge- og ejendomsaktiviteter<\/p>\n<p class=\"p3\">Stiftelsesdato 26. december 2018<\/p>\n<p class=\"p1\"><b>Personoplysninger<\/b><b><\/b><\/p>\n<p class=\"p3\">Vi kan indsamle personoplysninger p\u00e5 forskellige m\u00e5der, herunder n\u00e5r brugere registrerer sig p\u00e5 siden, udfylder formularer, tilmelder sig opdateringer eller benytter de tjenester, der tilbydes via hjemmesiden. Hjemmesiden kan anvendes anonymt. Personoplysninger indsamles kun, hvis de afgives frivilligt. Manglende oplysninger kan begr\u00e6nse adgangen til visse funktioner eller services.<\/p>\n<p class=\"p1\"><b>Ikke-personlige oplysninger<\/b><b><\/b><\/p>\n<p class=\"p3\">Vi kan indsamle ikke-personlige oplysninger, n\u00e5r brugere interagerer med hjemmesiden. Dette kan omfatte browsertype, enhedsoplysninger, styresystem, internetudbyder samt andre tekniske data om, hvordan brugere tilg\u00e5r siden.<\/p>\n<p class=\"p1\"><b>Cookies<\/b><b><\/b><\/p>\n<p class=\"p3\">Hjemmesiden kan anvende cookies for at forbedre brugeroplevelsen og analysere brugen af siden. Cookies gemmes i brugerens browser til registrerings- og sporingsform\u00e5l. Brugere kan indstille deres browser til at afvise cookies eller give besked, n\u00e5r cookies sendes. Deaktivering af cookies kan p\u00e5virke funktionaliteten p\u00e5 dele af hjemmesiden.<\/p>\n<p class=\"p1\"><b>Beskyttelse af dine oplysninger<\/b><b><\/b><\/p>\n<p class=\"p3\">Vi anvender passende procedurer for indsamling, opbevaring og behandling af data samt relevante sikkerhedsforanstaltninger for at beskytte personoplysninger mod uautoriseret adgang, \u00e6ndring, videregivelse eller destruktion.<\/p>\n<p class=\"p1\"><b>Videregivelse af personoplysninger<\/b><b><\/b><\/p>\n<p class=\"p3\">Kaarsberg SL s\u00e6lger, udlejer eller videregiver ikke personoplysninger til tredjepart. Vi kan dele samlede og anonymiserede oplysninger, som ikke kan knyttes til enkeltpersoner, med betroede samarbejdspartnere eller leverand\u00f8rer til analytiske eller driftsm\u00e6ssige form\u00e5l.<\/p>\n<p class=\"p1\"><b>\u00c6ndringer i denne politik<\/b><b><\/b><\/p>\n<p class=\"p3\">Kaarsberg SL kan til enhver tid opdatere denne politik. Eventuelle \u00e6ndringer offentligg\u00f8res p\u00e5 denne side med opdateret dato. Brugere opfordres til l\u00f8bende at gennemg\u00e5 politikken for at holde sig orienteret om, hvordan personoplysninger beskyttes.<\/p>\n<p class=\"p1\"><b>Accept af vilk\u00e5rene<\/b><b><\/b><\/p>\n<p class=\"p3\">Ved at benytte denne hjemmeside accepterer du denne privatlivspolitik og brugsbetingelserne. Hvis du ikke er enig, bedes du undlade at anvende siden. Fortsat brug efter offentliggjorte \u00e6ndringer betragtes som accept af disse.<\/p>\n","protected":false},"excerpt":{"rendered":"<p>Brugsbetingelser Denne politik beskriver, hvordan Kaarsberg SL indsamler, anvender, opbevarer og videregiver oplysninger fra brugere af denne hjemmeside. Politikken g\u00e6lder for hjemmesiden samt for alle ydelser, som Kaarsberg SL tilbyder i forbindelse med ejendomme og nybyggeri p\u00e5 Costa del Sol. Virksomhedsoplysninger Juridisk navn Kaarsberg SL CVR \/ skatteidentifikation B93656460 Selskabsform Anpartsselskab med \u00e9n ejer Branche Bygge- og ejendomsaktiviteter Stiftelsesdato 26. december 2018 Personoplysninger Vi &#8230;<\/p>\n","protected":false},"author":1,"featured_media":0,"parent":0,"menu_order":0,"comment_status":"closed","ping_status":"closed","template":"page-templates\/terms_conditions.php","meta":{"inline_featured_image":false,"footnotes":""},"class_list":["post-25959","page","type-page","status-publish","hentry"],"yoast_head":"<!-- This site is optimized with the Yoast SEO plugin v27.2 - https:\/\/yoast.com\/product\/yoast-seo-wordpress\/ -->\n<title>BRUGSBETINGELSER - Ola Development<\/title>\n<meta name=\"robots\" content=\"index, follow, max-snippet:-1, max-image-preview:large, max-video-preview:-1\" \/>\n<link rel=\"canonical\" href=\"https:\/\/oladevelopment.com\/terms-of-user\/\" \/>\n<meta property=\"og:locale\" content=\"da_DK\" \/>\n<meta property=\"og:type\" content=\"article\" \/>\n<meta property=\"og:title\" content=\"BRUGSBETINGELSER - Ola Development\" \/>\n<meta property=\"og:description\" content=\"Brugsbetingelser Denne politik beskriver, hvordan Kaarsberg SL indsamler, anvender, opbevarer og videregiver oplysninger fra brugere af denne hjemmeside. Politikken g\u00e6lder for hjemmesiden samt for alle ydelser, som Kaarsberg SL tilbyder i forbindelse med ejendomme og nybyggeri p\u00e5 Costa del Sol. Virksomhedsoplysninger Juridisk navn Kaarsberg SL CVR \/ skatteidentifikation B93656460 Selskabsform Anpartsselskab med \u00e9n ejer Branche Bygge- og ejendomsaktiviteter Stiftelsesdato 26. december 2018 Personoplysninger Vi ...\" \/>\n<meta property=\"og:url\" content=\"https:\/\/oladevelopment.com\/terms-of-user\/\" \/>\n<meta property=\"og:site_name\" content=\"Ola Development\" \/>\n<meta property=\"article:modified_time\" content=\"2026-02-12T20:04:04+00:00\" \/>\n<meta name=\"twitter:card\" content=\"summary_large_image\" \/>\n<meta name=\"twitter:label1\" content=\"Estimeret l\u00e6setid\" \/>\n\t<meta name=\"twitter:data1\" content=\"2 minutter\" \/>\n<script type=\"application\/ld+json\" class=\"yoast-schema-graph\">{\"@context\":\"https:\/\/schema.org\",\"@graph\":[{\"@type\":\"WebPage\",\"@id\":\"https:\/\/oladevelopment.com\/terms-of-user\/\",\"url\":\"https:\/\/oladevelopment.com\/terms-of-user\/\",\"name\":\"BRUGSBETINGELSER - Ola Development\",\"isPartOf\":{\"@id\":\"https:\/\/oladevelopment.com\/#website\"},\"datePublished\":\"2014-05-24T13:51:08+00:00\",\"dateModified\":\"2026-02-12T20:04:04+00:00\",\"breadcrumb\":{\"@id\":\"https:\/\/oladevelopment.com\/terms-of-user\/#breadcrumb\"},\"inLanguage\":\"da-DK\",\"potentialAction\":[{\"@type\":\"ReadAction\",\"target\":[\"https:\/\/oladevelopment.com\/terms-of-user\/\"]}]},{\"@type\":\"BreadcrumbList\",\"@id\":\"https:\/\/oladevelopment.com\/terms-of-user\/#breadcrumb\",\"itemListElement\":[{\"@type\":\"ListItem\",\"position\":1,\"name\":\"Home\",\"item\":\"https:\/\/oladevelopment.com\/da\/\"},{\"@type\":\"ListItem\",\"position\":2,\"name\":\"BRUGSBETINGELSER\"}]},{\"@type\":\"WebSite\",\"@id\":\"https:\/\/oladevelopment.com\/#website\",\"url\":\"https:\/\/oladevelopment.com\/\",\"name\":\"Ola Development\",\"description\":\"Properties in Costa del Sol\",\"publisher\":{\"@id\":\"https:\/\/oladevelopment.com\/#organization\"},\"potentialAction\":[{\"@type\":\"SearchAction\",\"target\":{\"@type\":\"EntryPoint\",\"urlTemplate\":\"https:\/\/oladevelopment.com\/?s={search_term_string}\"},\"query-input\":{\"@type\":\"PropertyValueSpecification\",\"valueRequired\":true,\"valueName\":\"search_term_string\"}}],\"inLanguage\":\"da-DK\"},{\"@type\":\"Organization\",\"@id\":\"https:\/\/oladevelopment.com\/#organization\",\"name\":\"Ola Development\",\"url\":\"https:\/\/oladevelopment.com\/\",\"logo\":{\"@type\":\"ImageObject\",\"inLanguage\":\"da-DK\",\"@id\":\"https:\/\/oladevelopment.com\/#\/schema\/logo\/image\/\",\"url\":\"https:\/\/oladevelopment.com\/wp-content\/uploads\/2025\/12\/logo-oladevelopment-properties-mijas-color.svg\",\"contentUrl\":\"https:\/\/oladevelopment.com\/wp-content\/uploads\/2025\/12\/logo-oladevelopment-properties-mijas-color.svg\",\"width\":239,\"height\":252,\"caption\":\"Ola Development\"},\"image\":{\"@id\":\"https:\/\/oladevelopment.com\/#\/schema\/logo\/image\/\"}}]}<\/script>\n<!-- \/ Yoast SEO plugin. -->","yoast_head_json":{"title":"BRUGSBETINGELSER - Ola Development","robots":{"index":"index","follow":"follow","max-snippet":"max-snippet:-1","max-image-preview":"max-image-preview:large","max-video-preview":"max-video-preview:-1"},"canonical":"https:\/\/oladevelopment.com\/terms-of-user\/","og_locale":"da_DK","og_type":"article","og_title":"BRUGSBETINGELSER - Ola Development","og_description":"Brugsbetingelser Denne politik beskriver, hvordan Kaarsberg SL indsamler, anvender, opbevarer og videregiver oplysninger fra brugere af denne hjemmeside. Politikken g\u00e6lder for hjemmesiden samt for alle ydelser, som Kaarsberg SL tilbyder i forbindelse med ejendomme og nybyggeri p\u00e5 Costa del Sol. Virksomhedsoplysninger Juridisk navn Kaarsberg SL CVR \/ skatteidentifikation B93656460 Selskabsform Anpartsselskab med \u00e9n ejer Branche Bygge- og ejendomsaktiviteter Stiftelsesdato 26. december 2018 Personoplysninger Vi ...","og_url":"https:\/\/oladevelopment.com\/terms-of-user\/","og_site_name":"Ola Development","article_modified_time":"2026-02-12T20:04:04+00:00","twitter_card":"summary_large_image","twitter_misc":{"Estimeret l\u00e6setid":"2 minutter"},"schema":{"@context":"https:\/\/schema.org","@graph":[{"@type":"WebPage","@id":"https:\/\/oladevelopment.com\/terms-of-user\/","url":"https:\/\/oladevelopment.com\/terms-of-user\/","name":"BRUGSBETINGELSER - Ola Development","isPartOf":{"@id":"https:\/\/oladevelopment.com\/#website"},"datePublished":"2014-05-24T13:51:08+00:00","dateModified":"2026-02-12T20:04:04+00:00","breadcrumb":{"@id":"https:\/\/oladevelopment.com\/terms-of-user\/#breadcrumb"},"inLanguage":"da-DK","potentialAction":[{"@type":"ReadAction","target":["https:\/\/oladevelopment.com\/terms-of-user\/"]}]},{"@type":"BreadcrumbList","@id":"https:\/\/oladevelopment.com\/terms-of-user\/#breadcrumb","itemListElement":[{"@type":"ListItem","position":1,"name":"Home","item":"https:\/\/oladevelopment.com\/da\/"},{"@type":"ListItem","position":2,"name":"BRUGSBETINGELSER"}]},{"@type":"WebSite","@id":"https:\/\/oladevelopment.com\/#website","url":"https:\/\/oladevelopment.com\/","name":"Ola Development","description":"Properties in Costa del Sol","publisher":{"@id":"https:\/\/oladevelopment.com\/#organization"},"potentialAction":[{"@type":"SearchAction","target":{"@type":"EntryPoint","urlTemplate":"https:\/\/oladevelopment.com\/?s={search_term_string}"},"query-input":{"@type":"PropertyValueSpecification","valueRequired":true,"valueName":"search_term_string"}}],"inLanguage":"da-DK"},{"@type":"Organization","@id":"https:\/\/oladevelopment.com\/#organization","name":"Ola Development","url":"https:\/\/oladevelopment.com\/","logo":{"@type":"ImageObject","inLanguage":"da-DK","@id":"https:\/\/oladevelopment.com\/#\/schema\/logo\/image\/","url":"https:\/\/oladevelopment.com\/wp-content\/uploads\/2025\/12\/logo-oladevelopment-properties-mijas-color.svg","contentUrl":"https:\/\/oladevelopment.com\/wp-content\/uploads\/2025\/12\/logo-oladevelopment-properties-mijas-color.svg","width":239,"height":252,"caption":"Ola Development"},"image":{"@id":"https:\/\/oladevelopment.com\/#\/schema\/logo\/image\/"}}]}},"_links":{"self":[{"href":"https:\/\/oladevelopment.com\/da\/wp-json\/wp\/v2\/pages\/25959","targetHints":{"allow":["GET"]}}],"collection":[{"href":"https:\/\/oladevelopment.com\/da\/wp-json\/wp\/v2\/pages"}],"about":[{"href":"https:\/\/oladevelopment.com\/da\/wp-json\/wp\/v2\/types\/page"}],"author":[{"embeddable":true,"href":"https:\/\/oladevelopment.com\/da\/wp-json\/wp\/v2\/users\/1"}],"replies":[{"embeddable":true,"href":"https:\/\/oladevelopment.com\/da\/wp-json\/wp\/v2\/comments?post=25959"}],"version-history":[{"count":1,"href":"https:\/\/oladevelopment.com\/da\/wp-json\/wp\/v2\/pages\/25959\/revisions"}],"predecessor-version":[{"id":25960,"href":"https:\/\/oladevelopment.com\/da\/wp-json\/wp\/v2\/pages\/25959\/revisions\/25960"}],"wp:attachment":[{"href":"https:\/\/oladevelopment.com\/da\/wp-json\/wp\/v2\/media?parent=25959"}],"curies":[{"name":"wp","href":"https:\/\/api.w.org\/{rel}","templated":true}]}}