{"id":25956,"date":"2014-05-24T13:54:01","date_gmt":"2014-05-24T13:54:01","guid":{"rendered":"https:\/\/oladevelopment.com\/privacy-policy\/"},"modified":"2026-02-12T20:02:09","modified_gmt":"2026-02-12T20:02:09","slug":"privatlivspolitik","status":"publish","type":"page","link":"https:\/\/oladevelopment.com\/da\/privatlivspolitik\/","title":{"rendered":"PRIVATLIVSPOLITIK"},"content":{"rendered":"<p class=\"p1\"><b>Privatlivspolitik<\/b><b><\/b><\/p>\n<p class=\"p3\">Denne privatlivspolitik beskriver, hvordan Kaarsberg SL indsamler, anvender, opbevarer og beskytter oplysninger, som brugere afgiver via denne hjemmeside. Politikken g\u00e6lder for hjemmesiden og for alle ydelser, som Kaarsberg SL tilbyder i forbindelse med ejendomme og nybyggeri.<\/p>\n<p class=\"p1\"><b>Personoplysninger<\/b><b><\/b><\/p>\n<p class=\"p3\">Vi kan indsamle personoplysninger, n\u00e5r brugere frivilligt afgiver dem via formularer, registreringer, foresp\u00f8rgsler eller anden interaktion med hjemmesiden. Det er muligt at benytte hjemmesiden anonymt. Afgivelse af personoplysninger er frivillig, men manglende oplysninger kan begr\u00e6nse adgangen til visse funktioner eller tjenester.<\/p>\n<p class=\"p1\"><b>Ikke-personlige oplysninger<\/b><b><\/b><\/p>\n<p class=\"p3\">Vi kan indsamle ikke-personlige oplysninger, n\u00e5r brugere interagerer med hjemmesiden. Dette kan omfatte browsertype, enhedstype, styresystem, internetudbyder samt andre tekniske oplysninger om, hvordan hjemmesiden tilg\u00e5s og anvendes.<\/p>\n<p class=\"p1\"><b>Cookies<\/b><b><\/b><\/p>\n<p class=\"p3\">Denne hjemmeside anvender cookies for at forbedre brugeroplevelsen og analysere brugen af siden. Cookies gemmes p\u00e5 brugerens enhed via webbrowseren. Brugere kan indstille deres browser til at afvise cookies eller give besked, n\u00e5r cookies sendes. Deaktivering af cookies kan p\u00e5virke funktionaliteten p\u00e5 dele af hjemmesiden.<\/p>\n<p class=\"p1\"><b>S\u00e5dan beskytter vi dine oplysninger<\/b><b><\/b><\/p>\n<p class=\"p3\">Vi anvender passende tekniske og organisatoriske foranstaltninger for at beskytte personoplysninger mod uautoriseret adgang, \u00e6ndring, videregivelse eller destruktion.<\/p>\n<p class=\"p1\"><b>Videregivelse af personoplysninger<\/b><b><\/b><\/p>\n<p class=\"p3\">Kaarsberg SL s\u00e6lger, udlejer eller videregiver ikke personoplysninger til tredjepart. Vi kan dele aggregerede og anonymiserede data, som ikke kan identificere enkeltpersoner, med betroede samarbejdspartnere til analytiske eller driftsm\u00e6ssige form\u00e5l.<\/p>\n<p class=\"p1\"><b>\u00c6ndringer i denne privatlivspolitik<\/b><b><\/b><\/p>\n<p class=\"p3\">Kaarsberg SL kan til enhver tid opdatere denne privatlivspolitik. Eventuelle \u00e6ndringer offentligg\u00f8res p\u00e5 denne side. Brugere opfordres til j\u00e6vnligt at gennemg\u00e5 politikken for at holde sig orienteret om, hvordan deres oplysninger beskyttes.<\/p>\n<p class=\"p1\"><b>Accept af politikken<\/b><b><\/b><\/p>\n<p class=\"p3\">Ved at benytte denne hjemmeside accepterer du denne privatlivspolitik. Hvis du ikke er enig, bedes du undlade at bruge hjemmesiden. Fortsat brug af hjemmesiden efter offentliggjorte \u00e6ndringer betragtes som accept af disse.<\/p>\n","protected":false},"excerpt":{"rendered":"<p>Privatlivspolitik Denne privatlivspolitik beskriver, hvordan Kaarsberg SL indsamler, anvender, opbevarer og beskytter oplysninger, som brugere afgiver via denne hjemmeside. Politikken g\u00e6lder for hjemmesiden og for alle ydelser, som Kaarsberg SL tilbyder i forbindelse med ejendomme og nybyggeri. Personoplysninger Vi kan indsamle personoplysninger, n\u00e5r brugere frivilligt afgiver dem via formularer, registreringer, foresp\u00f8rgsler eller anden interaktion med hjemmesiden. Det er muligt at benytte hjemmesiden anonymt. Afgivelse &#8230;<\/p>\n","protected":false},"author":1,"featured_media":0,"parent":0,"menu_order":0,"comment_status":"closed","ping_status":"closed","template":"page-templates\/gdpr_terms.php","meta":{"inline_featured_image":false,"footnotes":""},"class_list":["post-25956","page","type-page","status-publish","hentry"],"yoast_head":"<!-- This site is optimized with the Yoast SEO plugin v27.2 - https:\/\/yoast.com\/product\/yoast-seo-wordpress\/ -->\n<title>PRIVATLIVSPOLITIK - Ola Development<\/title>\n<meta name=\"robots\" content=\"index, follow, max-snippet:-1, max-image-preview:large, max-video-preview:-1\" \/>\n<link rel=\"canonical\" href=\"https:\/\/oladevelopment.com\/privacy-policy\/\" \/>\n<meta property=\"og:locale\" content=\"da_DK\" \/>\n<meta property=\"og:type\" content=\"article\" \/>\n<meta property=\"og:title\" content=\"PRIVATLIVSPOLITIK - Ola Development\" \/>\n<meta property=\"og:description\" content=\"Privatlivspolitik Denne privatlivspolitik beskriver, hvordan Kaarsberg SL indsamler, anvender, opbevarer og beskytter oplysninger, som brugere afgiver via denne hjemmeside. Politikken g\u00e6lder for hjemmesiden og for alle ydelser, som Kaarsberg SL tilbyder i forbindelse med ejendomme og nybyggeri. Personoplysninger Vi kan indsamle personoplysninger, n\u00e5r brugere frivilligt afgiver dem via formularer, registreringer, foresp\u00f8rgsler eller anden interaktion med hjemmesiden. Det er muligt at benytte hjemmesiden anonymt. Afgivelse ...\" \/>\n<meta property=\"og:url\" content=\"https:\/\/oladevelopment.com\/privacy-policy\/\" \/>\n<meta property=\"og:site_name\" content=\"Ola Development\" \/>\n<meta property=\"article:modified_time\" content=\"2026-02-12T20:02:09+00:00\" \/>\n<meta name=\"twitter:card\" content=\"summary_large_image\" \/>\n<meta name=\"twitter:label1\" content=\"Estimeret l\u00e6setid\" \/>\n\t<meta name=\"twitter:data1\" content=\"1 minut\" \/>\n<script type=\"application\/ld+json\" class=\"yoast-schema-graph\">{\"@context\":\"https:\/\/schema.org\",\"@graph\":[{\"@type\":\"WebPage\",\"@id\":\"https:\/\/oladevelopment.com\/privacy-policy\/\",\"url\":\"https:\/\/oladevelopment.com\/privacy-policy\/\",\"name\":\"PRIVATLIVSPOLITIK - Ola Development\",\"isPartOf\":{\"@id\":\"https:\/\/oladevelopment.com\/#website\"},\"datePublished\":\"2014-05-24T13:54:01+00:00\",\"dateModified\":\"2026-02-12T20:02:09+00:00\",\"breadcrumb\":{\"@id\":\"https:\/\/oladevelopment.com\/privacy-policy\/#breadcrumb\"},\"inLanguage\":\"da-DK\",\"potentialAction\":[{\"@type\":\"ReadAction\",\"target\":[\"https:\/\/oladevelopment.com\/privacy-policy\/\"]}]},{\"@type\":\"BreadcrumbList\",\"@id\":\"https:\/\/oladevelopment.com\/privacy-policy\/#breadcrumb\",\"itemListElement\":[{\"@type\":\"ListItem\",\"position\":1,\"name\":\"Home\",\"item\":\"https:\/\/oladevelopment.com\/da\/\"},{\"@type\":\"ListItem\",\"position\":2,\"name\":\"PRIVATLIVSPOLITIK\"}]},{\"@type\":\"WebSite\",\"@id\":\"https:\/\/oladevelopment.com\/#website\",\"url\":\"https:\/\/oladevelopment.com\/\",\"name\":\"Ola Development\",\"description\":\"Properties in Costa del Sol\",\"publisher\":{\"@id\":\"https:\/\/oladevelopment.com\/#organization\"},\"potentialAction\":[{\"@type\":\"SearchAction\",\"target\":{\"@type\":\"EntryPoint\",\"urlTemplate\":\"https:\/\/oladevelopment.com\/?s={search_term_string}\"},\"query-input\":{\"@type\":\"PropertyValueSpecification\",\"valueRequired\":true,\"valueName\":\"search_term_string\"}}],\"inLanguage\":\"da-DK\"},{\"@type\":\"Organization\",\"@id\":\"https:\/\/oladevelopment.com\/#organization\",\"name\":\"Ola Development\",\"url\":\"https:\/\/oladevelopment.com\/\",\"logo\":{\"@type\":\"ImageObject\",\"inLanguage\":\"da-DK\",\"@id\":\"https:\/\/oladevelopment.com\/#\/schema\/logo\/image\/\",\"url\":\"https:\/\/oladevelopment.com\/wp-content\/uploads\/2025\/12\/logo-oladevelopment-properties-mijas-color.svg\",\"contentUrl\":\"https:\/\/oladevelopment.com\/wp-content\/uploads\/2025\/12\/logo-oladevelopment-properties-mijas-color.svg\",\"width\":239,\"height\":252,\"caption\":\"Ola Development\"},\"image\":{\"@id\":\"https:\/\/oladevelopment.com\/#\/schema\/logo\/image\/\"}}]}<\/script>\n<!-- \/ Yoast SEO plugin. -->","yoast_head_json":{"title":"PRIVATLIVSPOLITIK - Ola Development","robots":{"index":"index","follow":"follow","max-snippet":"max-snippet:-1","max-image-preview":"max-image-preview:large","max-video-preview":"max-video-preview:-1"},"canonical":"https:\/\/oladevelopment.com\/privacy-policy\/","og_locale":"da_DK","og_type":"article","og_title":"PRIVATLIVSPOLITIK - Ola Development","og_description":"Privatlivspolitik Denne privatlivspolitik beskriver, hvordan Kaarsberg SL indsamler, anvender, opbevarer og beskytter oplysninger, som brugere afgiver via denne hjemmeside. Politikken g\u00e6lder for hjemmesiden og for alle ydelser, som Kaarsberg SL tilbyder i forbindelse med ejendomme og nybyggeri. Personoplysninger Vi kan indsamle personoplysninger, n\u00e5r brugere frivilligt afgiver dem via formularer, registreringer, foresp\u00f8rgsler eller anden interaktion med hjemmesiden. Det er muligt at benytte hjemmesiden anonymt. Afgivelse ...","og_url":"https:\/\/oladevelopment.com\/privacy-policy\/","og_site_name":"Ola Development","article_modified_time":"2026-02-12T20:02:09+00:00","twitter_card":"summary_large_image","twitter_misc":{"Estimeret l\u00e6setid":"1 minut"},"schema":{"@context":"https:\/\/schema.org","@graph":[{"@type":"WebPage","@id":"https:\/\/oladevelopment.com\/privacy-policy\/","url":"https:\/\/oladevelopment.com\/privacy-policy\/","name":"PRIVATLIVSPOLITIK - Ola Development","isPartOf":{"@id":"https:\/\/oladevelopment.com\/#website"},"datePublished":"2014-05-24T13:54:01+00:00","dateModified":"2026-02-12T20:02:09+00:00","breadcrumb":{"@id":"https:\/\/oladevelopment.com\/privacy-policy\/#breadcrumb"},"inLanguage":"da-DK","potentialAction":[{"@type":"ReadAction","target":["https:\/\/oladevelopment.com\/privacy-policy\/"]}]},{"@type":"BreadcrumbList","@id":"https:\/\/oladevelopment.com\/privacy-policy\/#breadcrumb","itemListElement":[{"@type":"ListItem","position":1,"name":"Home","item":"https:\/\/oladevelopment.com\/da\/"},{"@type":"ListItem","position":2,"name":"PRIVATLIVSPOLITIK"}]},{"@type":"WebSite","@id":"https:\/\/oladevelopment.com\/#website","url":"https:\/\/oladevelopment.com\/","name":"Ola Development","description":"Properties in Costa del Sol","publisher":{"@id":"https:\/\/oladevelopment.com\/#organization"},"potentialAction":[{"@type":"SearchAction","target":{"@type":"EntryPoint","urlTemplate":"https:\/\/oladevelopment.com\/?s={search_term_string}"},"query-input":{"@type":"PropertyValueSpecification","valueRequired":true,"valueName":"search_term_string"}}],"inLanguage":"da-DK"},{"@type":"Organization","@id":"https:\/\/oladevelopment.com\/#organization","name":"Ola Development","url":"https:\/\/oladevelopment.com\/","logo":{"@type":"ImageObject","inLanguage":"da-DK","@id":"https:\/\/oladevelopment.com\/#\/schema\/logo\/image\/","url":"https:\/\/oladevelopment.com\/wp-content\/uploads\/2025\/12\/logo-oladevelopment-properties-mijas-color.svg","contentUrl":"https:\/\/oladevelopment.com\/wp-content\/uploads\/2025\/12\/logo-oladevelopment-properties-mijas-color.svg","width":239,"height":252,"caption":"Ola Development"},"image":{"@id":"https:\/\/oladevelopment.com\/#\/schema\/logo\/image\/"}}]}},"_links":{"self":[{"href":"https:\/\/oladevelopment.com\/da\/wp-json\/wp\/v2\/pages\/25956","targetHints":{"allow":["GET"]}}],"collection":[{"href":"https:\/\/oladevelopment.com\/da\/wp-json\/wp\/v2\/pages"}],"about":[{"href":"https:\/\/oladevelopment.com\/da\/wp-json\/wp\/v2\/types\/page"}],"author":[{"embeddable":true,"href":"https:\/\/oladevelopment.com\/da\/wp-json\/wp\/v2\/users\/1"}],"replies":[{"embeddable":true,"href":"https:\/\/oladevelopment.com\/da\/wp-json\/wp\/v2\/comments?post=25956"}],"version-history":[{"count":1,"href":"https:\/\/oladevelopment.com\/da\/wp-json\/wp\/v2\/pages\/25956\/revisions"}],"predecessor-version":[{"id":25957,"href":"https:\/\/oladevelopment.com\/da\/wp-json\/wp\/v2\/pages\/25956\/revisions\/25957"}],"wp:attachment":[{"href":"https:\/\/oladevelopment.com\/da\/wp-json\/wp\/v2\/media?parent=25956"}],"curies":[{"name":"wp","href":"https:\/\/api.w.org\/{rel}","templated":true}]}}