{"id":25954,"date":"2015-02-19T09:48:19","date_gmt":"2015-02-19T09:48:19","guid":{"rendered":"https:\/\/oladevelopment.com\/contact-us\/"},"modified":"2026-02-12T19:56:18","modified_gmt":"2026-02-12T19:56:18","slug":"kontakt-os","status":"publish","type":"page","link":"https:\/\/oladevelopment.com\/da\/kontakt-os\/","title":{"rendered":"KONTAKT"},"content":{"rendered":"<p class=\"p1\">At finde det rette nybyggeri handler om mere end blot at gennemse boligannoncer. Ola Development hj\u00e6lper dig med at navigere blandt de nyeste projekter p\u00e5 Costa del Sol med overblik, indsigt og fokus p\u00e5 livskvalitet. Udforsk moderne boliger, sammenlign beliggenheder og f\u00e5 en klar forst\u00e5else af hvert projekt, f\u00f8r du tr\u00e6ffer din beslutning.<\/p>\n<p class=\"p1\">Vores team arbejder udelukkende med nybyggeri og tilbyder enkel og \u00e6rlig r\u00e5dgivning, solid lokalkendskab og en skr\u00e6ddersyet proces fra f\u00f8rste kontakt til overdragelse. Har du sp\u00f8rgsm\u00e5l eller \u00f8nsker at unders\u00f8ge dine muligheder, st\u00e5r vi klar til at hj\u00e6lpe dig trygt videre.<\/p>\n","protected":false},"excerpt":{"rendered":"<p>At finde det rette nybyggeri handler om mere end blot at gennemse boligannoncer. Ola Development hj\u00e6lper dig med at navigere blandt de nyeste projekter p\u00e5 Costa del Sol med overblik, indsigt og fokus p\u00e5 livskvalitet. Udforsk moderne boliger, sammenlign beliggenheder og f\u00e5 en klar forst\u00e5else af hvert projekt, f\u00f8r du tr\u00e6ffer din beslutning. Vores team arbejder udelukkende med nybyggeri og tilbyder enkel og \u00e6rlig &#8230;<\/p>\n","protected":false},"author":1,"featured_media":0,"parent":0,"menu_order":0,"comment_status":"open","ping_status":"closed","template":"page-templates\/contact_page.php","meta":{"inline_featured_image":false,"footnotes":""},"class_list":["post-25954","page","type-page","status-publish","hentry"],"yoast_head":"<!-- This site is optimized with the Yoast SEO plugin v27.2 - https:\/\/yoast.com\/product\/yoast-seo-wordpress\/ -->\n<title>KONTAKT - Ola Development<\/title>\n<meta name=\"robots\" content=\"index, follow, max-snippet:-1, max-image-preview:large, max-video-preview:-1\" \/>\n<link rel=\"canonical\" href=\"https:\/\/oladevelopment.com\/contact-us\/\" \/>\n<meta property=\"og:locale\" content=\"da_DK\" \/>\n<meta property=\"og:type\" content=\"article\" \/>\n<meta property=\"og:title\" content=\"KONTAKT - Ola Development\" \/>\n<meta property=\"og:description\" content=\"At finde det rette nybyggeri handler om mere end blot at gennemse boligannoncer. Ola Development hj\u00e6lper dig med at navigere blandt de nyeste projekter p\u00e5 Costa del Sol med overblik, indsigt og fokus p\u00e5 livskvalitet. Udforsk moderne boliger, sammenlign beliggenheder og f\u00e5 en klar forst\u00e5else af hvert projekt, f\u00f8r du tr\u00e6ffer din beslutning. Vores team arbejder udelukkende med nybyggeri og tilbyder enkel og \u00e6rlig ...\" \/>\n<meta property=\"og:url\" content=\"https:\/\/oladevelopment.com\/contact-us\/\" \/>\n<meta property=\"og:site_name\" content=\"Ola Development\" \/>\n<meta property=\"article:modified_time\" content=\"2026-02-12T19:56:18+00:00\" \/>\n<meta name=\"twitter:card\" content=\"summary_large_image\" \/>\n<meta name=\"twitter:label1\" content=\"Estimeret l\u00e6setid\" \/>\n\t<meta name=\"twitter:data1\" content=\"1 minut\" \/>\n<script type=\"application\/ld+json\" class=\"yoast-schema-graph\">{\"@context\":\"https:\/\/schema.org\",\"@graph\":[{\"@type\":\"WebPage\",\"@id\":\"https:\/\/oladevelopment.com\/contact-us\/\",\"url\":\"https:\/\/oladevelopment.com\/contact-us\/\",\"name\":\"KONTAKT - Ola Development\",\"isPartOf\":{\"@id\":\"https:\/\/oladevelopment.com\/#website\"},\"datePublished\":\"2015-02-19T09:48:19+00:00\",\"dateModified\":\"2026-02-12T19:56:18+00:00\",\"breadcrumb\":{\"@id\":\"https:\/\/oladevelopment.com\/contact-us\/#breadcrumb\"},\"inLanguage\":\"da-DK\",\"potentialAction\":[{\"@type\":\"ReadAction\",\"target\":[\"https:\/\/oladevelopment.com\/contact-us\/\"]}]},{\"@type\":\"BreadcrumbList\",\"@id\":\"https:\/\/oladevelopment.com\/contact-us\/#breadcrumb\",\"itemListElement\":[{\"@type\":\"ListItem\",\"position\":1,\"name\":\"Home\",\"item\":\"https:\/\/oladevelopment.com\/da\/\"},{\"@type\":\"ListItem\",\"position\":2,\"name\":\"KONTAKT\"}]},{\"@type\":\"WebSite\",\"@id\":\"https:\/\/oladevelopment.com\/#website\",\"url\":\"https:\/\/oladevelopment.com\/\",\"name\":\"Ola Development\",\"description\":\"Properties in Costa del Sol\",\"publisher\":{\"@id\":\"https:\/\/oladevelopment.com\/#organization\"},\"potentialAction\":[{\"@type\":\"SearchAction\",\"target\":{\"@type\":\"EntryPoint\",\"urlTemplate\":\"https:\/\/oladevelopment.com\/?s={search_term_string}\"},\"query-input\":{\"@type\":\"PropertyValueSpecification\",\"valueRequired\":true,\"valueName\":\"search_term_string\"}}],\"inLanguage\":\"da-DK\"},{\"@type\":\"Organization\",\"@id\":\"https:\/\/oladevelopment.com\/#organization\",\"name\":\"Ola Development\",\"url\":\"https:\/\/oladevelopment.com\/\",\"logo\":{\"@type\":\"ImageObject\",\"inLanguage\":\"da-DK\",\"@id\":\"https:\/\/oladevelopment.com\/#\/schema\/logo\/image\/\",\"url\":\"https:\/\/oladevelopment.com\/wp-content\/uploads\/2025\/12\/logo-oladevelopment-properties-mijas-color.svg\",\"contentUrl\":\"https:\/\/oladevelopment.com\/wp-content\/uploads\/2025\/12\/logo-oladevelopment-properties-mijas-color.svg\",\"width\":239,\"height\":252,\"caption\":\"Ola Development\"},\"image\":{\"@id\":\"https:\/\/oladevelopment.com\/#\/schema\/logo\/image\/\"}}]}<\/script>\n<!-- \/ Yoast SEO plugin. -->","yoast_head_json":{"title":"KONTAKT - Ola Development","robots":{"index":"index","follow":"follow","max-snippet":"max-snippet:-1","max-image-preview":"max-image-preview:large","max-video-preview":"max-video-preview:-1"},"canonical":"https:\/\/oladevelopment.com\/contact-us\/","og_locale":"da_DK","og_type":"article","og_title":"KONTAKT - Ola Development","og_description":"At finde det rette nybyggeri handler om mere end blot at gennemse boligannoncer. Ola Development hj\u00e6lper dig med at navigere blandt de nyeste projekter p\u00e5 Costa del Sol med overblik, indsigt og fokus p\u00e5 livskvalitet. Udforsk moderne boliger, sammenlign beliggenheder og f\u00e5 en klar forst\u00e5else af hvert projekt, f\u00f8r du tr\u00e6ffer din beslutning. Vores team arbejder udelukkende med nybyggeri og tilbyder enkel og \u00e6rlig ...","og_url":"https:\/\/oladevelopment.com\/contact-us\/","og_site_name":"Ola Development","article_modified_time":"2026-02-12T19:56:18+00:00","twitter_card":"summary_large_image","twitter_misc":{"Estimeret l\u00e6setid":"1 minut"},"schema":{"@context":"https:\/\/schema.org","@graph":[{"@type":"WebPage","@id":"https:\/\/oladevelopment.com\/contact-us\/","url":"https:\/\/oladevelopment.com\/contact-us\/","name":"KONTAKT - Ola Development","isPartOf":{"@id":"https:\/\/oladevelopment.com\/#website"},"datePublished":"2015-02-19T09:48:19+00:00","dateModified":"2026-02-12T19:56:18+00:00","breadcrumb":{"@id":"https:\/\/oladevelopment.com\/contact-us\/#breadcrumb"},"inLanguage":"da-DK","potentialAction":[{"@type":"ReadAction","target":["https:\/\/oladevelopment.com\/contact-us\/"]}]},{"@type":"BreadcrumbList","@id":"https:\/\/oladevelopment.com\/contact-us\/#breadcrumb","itemListElement":[{"@type":"ListItem","position":1,"name":"Home","item":"https:\/\/oladevelopment.com\/da\/"},{"@type":"ListItem","position":2,"name":"KONTAKT"}]},{"@type":"WebSite","@id":"https:\/\/oladevelopment.com\/#website","url":"https:\/\/oladevelopment.com\/","name":"Ola Development","description":"Properties in Costa del Sol","publisher":{"@id":"https:\/\/oladevelopment.com\/#organization"},"potentialAction":[{"@type":"SearchAction","target":{"@type":"EntryPoint","urlTemplate":"https:\/\/oladevelopment.com\/?s={search_term_string}"},"query-input":{"@type":"PropertyValueSpecification","valueRequired":true,"valueName":"search_term_string"}}],"inLanguage":"da-DK"},{"@type":"Organization","@id":"https:\/\/oladevelopment.com\/#organization","name":"Ola Development","url":"https:\/\/oladevelopment.com\/","logo":{"@type":"ImageObject","inLanguage":"da-DK","@id":"https:\/\/oladevelopment.com\/#\/schema\/logo\/image\/","url":"https:\/\/oladevelopment.com\/wp-content\/uploads\/2025\/12\/logo-oladevelopment-properties-mijas-color.svg","contentUrl":"https:\/\/oladevelopment.com\/wp-content\/uploads\/2025\/12\/logo-oladevelopment-properties-mijas-color.svg","width":239,"height":252,"caption":"Ola Development"},"image":{"@id":"https:\/\/oladevelopment.com\/#\/schema\/logo\/image\/"}}]}},"_links":{"self":[{"href":"https:\/\/oladevelopment.com\/da\/wp-json\/wp\/v2\/pages\/25954","targetHints":{"allow":["GET"]}}],"collection":[{"href":"https:\/\/oladevelopment.com\/da\/wp-json\/wp\/v2\/pages"}],"about":[{"href":"https:\/\/oladevelopment.com\/da\/wp-json\/wp\/v2\/types\/page"}],"author":[{"embeddable":true,"href":"https:\/\/oladevelopment.com\/da\/wp-json\/wp\/v2\/users\/1"}],"replies":[{"embeddable":true,"href":"https:\/\/oladevelopment.com\/da\/wp-json\/wp\/v2\/comments?post=25954"}],"version-history":[{"count":1,"href":"https:\/\/oladevelopment.com\/da\/wp-json\/wp\/v2\/pages\/25954\/revisions"}],"predecessor-version":[{"id":25955,"href":"https:\/\/oladevelopment.com\/da\/wp-json\/wp\/v2\/pages\/25954\/revisions\/25955"}],"wp:attachment":[{"href":"https:\/\/oladevelopment.com\/da\/wp-json\/wp\/v2\/media?parent=25954"}],"curies":[{"name":"wp","href":"https:\/\/api.w.org\/{rel}","templated":true}]}}